{"id":20902,"date":"2023-03-08T16:45:35","date_gmt":"2023-03-08T14:45:35","guid":{"rendered":"https:\/\/insigna.es\/les-dernieres-nouvelles\/"},"modified":"2024-03-22T12:21:12","modified_gmt":"2024-03-22T10:21:12","slug":"les-dernieres-nouvelles","status":"publish","type":"page","link":"https:\/\/insigna.es\/fr\/les-dernieres-nouvelles\/","title":{"rendered":"Les derni\u00e8res nouvelles"},"content":{"rendered":"\t\t<div data-elementor-type=\"wp-page\" data-elementor-id=\"20902\" class=\"elementor elementor-20902 elementor-20730\" data-elementor-post-type=\"page\">\n\t\t\t\t\t\t<section class=\"elementor-section elementor-top-section elementor-element elementor-element-512e372 elementor-section-boxed elementor-section-height-default elementor-section-height-default\" data-id=\"512e372\" data-element_type=\"section\" id=\"mailchimp-title\">\n\t\t\t\t\t\t<div class=\"elementor-container elementor-column-gap-default\">\n\t\t\t\t\t<div class=\"elementor-column elementor-col-100 elementor-top-column elementor-element elementor-element-9807551\" data-id=\"9807551\" data-element_type=\"column\">\n\t\t\t<div class=\"elementor-widget-wrap elementor-element-populated\">\n\t\t\t\t\t\t<div class=\"elementor-element elementor-element-8e5098a elementor-widget elementor-widget-heading\" data-id=\"8e5098a\" data-element_type=\"widget\" data-widget_type=\"heading.default\">\n\t\t\t\t<div class=\"elementor-widget-container\">\n\t\t\t\t\t<h1 class=\"elementor-heading-title elementor-size-default\">RECEVOIR LES DERNI\u00c8RES NOUVELLES D'INSIGNA<\/h1>\t\t\t\t<\/div>\n\t\t\t\t<\/div>\n\t\t\t\t<div class=\"elementor-element elementor-element-3fdfd85 elementor-widget elementor-widget-text-editor\" data-id=\"3fdfd85\" data-element_type=\"widget\" data-widget_type=\"text-editor.default\">\n\t\t\t\t<div class=\"elementor-widget-container\">\n\t\t\t\t\t\t\t\t\t<p>Recevez les derni\u00e8res nouvelles sur notre marque, nos produits et les collections \u00e0 venir.<\/p>\n\t\t\t\t\t\t\t\t<\/div>\n\t\t\t\t<\/div>\n\t\t\t\t\t<\/div>\n\t\t<\/div>\n\t\t\t\t\t<\/div>\n\t\t<\/section>\n\t\t\t\t<section class=\"elementor-section elementor-top-section elementor-element elementor-element-58f9850 elementor-section-boxed elementor-section-height-default elementor-section-height-default\" data-id=\"58f9850\" data-element_type=\"section\" id=\"mailchimp-form\">\n\t\t\t\t\t\t<div class=\"elementor-container elementor-column-gap-default\">\n\t\t\t\t\t<div class=\"elementor-column elementor-col-100 elementor-top-column elementor-element elementor-element-7f4bec8\" data-id=\"7f4bec8\" data-element_type=\"column\">\n\t\t\t<div class=\"elementor-widget-wrap elementor-element-populated\">\n\t\t\t\t\t\t<div class=\"elementor-element elementor-element-78b38c8 elementor-widget elementor-widget-shortcode\" data-id=\"78b38c8\" data-element_type=\"widget\" data-widget_type=\"shortcode.default\">\n\t\t\t\t<div class=\"elementor-widget-container\">\n\t\t\t\t\t\t\t<div class=\"elementor-shortcode\">\r\n        <!-- Begin Mailchimp Signup Form -->\r\n        <div id=\"mc_embed_signup\">\r\n            <form action=\"https:\/\/insigna.us13.list-manage.com\/subscribe\/post?u=1ace049b6e3075c7f5a58daff&amp;id=d308e5f600&amp;v_id=4923&amp;f_id=004083e5f0\" method=\"post\" id=\"mc-embedded-subscribe-form\" name=\"mc-embedded-subscribe-form\" class=\"validate\" target=\"_self\">\r\n                <div id=\"mc_embed_signup_scroll\">\r\n                    <input type=\"email\" value=\"\" name=\"EMAIL\" class=\"required email\" id=\"mce-EMAIL\" placeholder=\"Entrez votre email ici\" required>\r\n                    <input type=\"submit\" value=\"Envoyer et s\u00b4inscrire\" name=\"subscribe\" id=\"mc-embedded-subscribe\" class=\"button\">\r\n                <\/div>\r\n                <span id=\"mce-EMAIL-HELPERTEXT\" class=\"helper_text\"><\/span>\r\n                <input type=\"checkbox\" name=\"rgpd\" id=\"rgpd\" required>\r\n                <label for=\"rgpd\">\r\n                    Je consens \u00e0 l'utilisation de mes donn\u00e9es pour recevoir des informations et des nouvelles.<\/label>\r\n                <div id=\"mergeRow-gdpr\" class=\"mergeRow gdpr-mergeRow content__gdprBlock mc-field-group\" style=\"display: none;\">\r\n                    <div class=\"content__gdpr\">\r\n                        <label>Permisos de promoci\u00f3n<\/label>\r\n                        <p>Please select all the ways you would like to hear from INSIGNA UNIFORMES S.L.:<\/p>\r\n                        <fieldset class=\"mc_fieldset gdprRequired mc-field-group\" name=\"interestgroup_field\">\r\n                            <label class=\"checkbox subfield\" for=\"gdpr_67131\"><input type=\"checkbox\" id=\"gdpr_67131\" name=\"gdpr[67131]\" value=\"Y\" class=\"av-checkbox \"><span>Email<\/span> <\/label>                                                                                <\/fieldset>\r\n                        <p>You can unsubscribe at any time by clicking the link in the footer of our emails. For information about our privacy practices, please visit our website.<\/p>\r\n                    <\/div>\r\n                <\/div>\r\n                <div id=\"mce-responses\" class=\"clear\">\r\n                    <div class=\"response\" id=\"mce-error-response\" style=\"display:none\"><\/div>\r\n                    <div class=\"response\" id=\"mce-success-response\" style=\"display:none\"><\/div>\r\n                <\/div> <!-- real people should not fill this in and expect good things - do not remove this or risk form bot signups-->\r\n                <div style=\"position: absolute; left: -5000px;\" aria-hidden=\"true\"><input type=\"text\" name=\"b_1ace049b6e3075c7f5a58daff_d308e5f600\" tabindex=\"-1\" value=\"\"><\/div>\r\n            <\/form>\r\n        <\/div>\r\n\r\n        <!--End mc_embed_signup-->\r\n\r\n        <script>\r\n          jQuery(document).ready(function() {\r\n            jQuery(\"#mc-embedded-subscribe\").on(\"submit\", function(e) {\r\n              if (!jQuery(\"#rgpd\").is(\":checked\")) {\r\n                e.preventDefault();\r\n                jQuery(\"#rgpd\").parent().addClass(\"shake\");\r\n                setTimeout(function() {\r\n                  jQuery(\"#rgpd\").parent().removeClass(\"shake\");\r\n                }, 500);\r\n              }\r\n            });\r\n          });\r\n        <\/script>\r\n\r\n        <style>\r\n          .shake {\r\n            animation: shake 0.5s cubic-bezier(.36,.07,.19,.97) both;\r\n            transform: translate3d(0, 0, 0);\r\n            backface-visibility: hidden;\r\n            perspective: 1000px;\r\n          }\r\n          @keyframes shake {\r\n            10%, 90% {\r\n              transform: translate3d(-10px, 0, 0);\r\n            }\r\n            20%, 80% {\r\n              transform: translate3d(10px, 0, 0);\r\n            }\r\n            30%, 50%, 70% {\r\n              transform: translate3d(-10px, 0, 0);\r\n            }\r\n            40%, 60% {\r\n              transform: translate3d(10px, 0, 0);\r\n            }\r\n          }\r\n        <\/style>\r\n    <\/div>\n\t\t\t\t\t\t<\/div>\n\t\t\t\t<\/div>\n\t\t\t\t\t<\/div>\n\t\t<\/div>\n\t\t\t\t\t<\/div>\n\t\t<\/section>\n\t\t\t\t<section class=\"elementor-section elementor-top-section elementor-element elementor-element-325d137 elementor-section-boxed elementor-section-height-default elementor-section-height-default\" data-id=\"325d137\" data-element_type=\"section\" id=\"mailchimp-tabla-rgpd\" data-settings=\"{&quot;background_background&quot;:&quot;classic&quot;}\">\n\t\t\t\t\t\t<div class=\"elementor-container elementor-column-gap-default\">\n\t\t\t\t\t<div class=\"elementor-column elementor-col-100 elementor-top-column elementor-element elementor-element-9a5a45d\" data-id=\"9a5a45d\" data-element_type=\"column\" data-settings=\"{&quot;background_background&quot;:&quot;classic&quot;}\">\n\t\t\t<div class=\"elementor-widget-wrap elementor-element-populated\">\n\t\t\t\t\t\t<div class=\"elementor-element elementor-element-c6a55e3 elementor-widget elementor-widget-text-editor\" data-id=\"c6a55e3\" data-element_type=\"widget\" data-widget_type=\"text-editor.default\">\n\t\t\t\t<div class=\"elementor-widget-container\">\n\t\t\t\t\t\t\t\t\t<strong>INFORMATIONS SUR LA PROTECTION DES DONN\u00c9ES<\/strong>\n\n\t<table>\n\t\t<tr>\n\t\t\t<td>Responsable:<\/td>\n\t\t\t<td>INSIGNA UNIFORMES S.L<\/td>\n\t\t<\/tr>\n\t\t<tr>\n\t\t\t<td>But:<\/td>\n\t\t\t<td>Nous traitons vos donn\u00e9es personnelles pour envoyer des communications commerciales, des informations, des nouvelles et pour maintenir la relation \u00e9tablie avec INSIGNA.<\/td>\n\t\t<\/tr>\n\t\t<tr>\n\t\t\t<td>L\u00e9gitimation:<\/td>\n\t\t\t<td>Le consentement de l&rsquo;int\u00e9ress\u00e9.<\/td>\n\t\t<\/tr>\n\t\t<tr>\n\t\t\t<td>Destinataires :<\/td>\n\t\t\t<td>Les donn\u00e9es ne seront communiqu\u00e9es qu&rsquo;aux tiers n\u00e9cessaires \u00e0 la maintenance du service, ainsi qu&rsquo;au respect des obligations l\u00e9gales. Aucun transfert international de donn\u00e9es n&rsquo;est pr\u00e9vu.<\/td>\n\t\t<\/tr>\n\t\t<tr>\n\t\t\t<td>Droits:<\/td>\n\t\t\t<td>Acc\u00e8s, rectification, suppression, opposition et limitation.<\/td>\n\t\t<\/tr>\n\t\t<tr>\n\t\t\t<td>Information compl\u00e9mentaire:<\/td>\n\t\t\t<td>Vous pouvez acc\u00e9der \u00e0 des informations suppl\u00e9mentaires sur le traitement de vos donn\u00e9es personnelles en acc\u00e9dant au lien suivant sur la politique de confidentialit\u00e9.<\/td>\n\t\t<\/tr>\n\t<\/table>\t\t\t\t\t\t\t\t<\/div>\n\t\t\t\t<\/div>\n\t\t\t\t\t<\/div>\n\t\t<\/div>\n\t\t\t\t\t<\/div>\n\t\t<\/section>\n\t\t\t\t<\/div>\n\t\t","protected":false},"excerpt":{"rendered":"<p>RECEVOIR LES DERNI\u00c8RES NOUVELLES D&rsquo;INSIGNA Recevez les derni\u00e8res nouvelles sur notre marque, nos produits et les collections \u00e0 venir. INFORMATIONS SUR LA PROTECTION DES DONN\u00c9ES Responsable: INSIGNA UNIFORMES S.L But: Nous traitons vos donn\u00e9es personnelles pour envoyer des communications commerciales, des informations, des nouvelles et pour maintenir la relation \u00e9tablie avec INSIGNA. L\u00e9gitimation: Le consentement [&hellip;]<\/p>\n","protected":false},"author":3,"featured_media":0,"parent":0,"menu_order":0,"comment_status":"closed","ping_status":"closed","template":"","meta":{"_acf_changed":false,"inline_featured_image":false,"footnotes":""},"class_list":["post-20902","page","type-page","status-publish","hentry"],"acf":[],"yoast_head":"<!-- This site is optimized with the Yoast SEO plugin v24.8.1 - https:\/\/yoast.com\/wordpress\/plugins\/seo\/ -->\n<title>Les derni\u00e8res nouvelles - Insigna<\/title>\n<meta name=\"description\" content=\"Recevez les derni\u00e8res nouvelles sur notre marque, nos produits et les collections \u00e0 venir.\" \/>\n<meta name=\"robots\" content=\"index, follow, max-snippet:-1, max-image-preview:large, max-video-preview:-1\" \/>\n<meta property=\"og:locale\" content=\"fr_FR\" \/>\n<meta property=\"og:type\" content=\"article\" \/>\n<meta property=\"og:title\" content=\"Les derni\u00e8res nouvelles - Insigna\" \/>\n<meta property=\"og:description\" content=\"Recevez les derni\u00e8res nouvelles sur notre marque, nos produits et les collections \u00e0 venir.\" \/>\n<meta property=\"og:url\" content=\"https:\/\/insigna.es\/fr\/les-dernieres-nouvelles\/\" \/>\n<meta property=\"og:site_name\" content=\"Insigna\" \/>\n<meta property=\"article:modified_time\" content=\"2024-03-22T10:21:12+00:00\" \/>\n<meta name=\"twitter:card\" content=\"summary_large_image\" \/>\n<meta name=\"twitter:label1\" content=\"Dur\u00e9e de lecture estim\u00e9e\" \/>\n\t<meta name=\"twitter:data1\" content=\"1 minute\" \/>\n<script type=\"application\/ld+json\" class=\"yoast-schema-graph\">{\"@context\":\"https:\/\/schema.org\",\"@graph\":[{\"@type\":\"WebPage\",\"@id\":\"https:\/\/insigna.es\/fr\/les-dernieres-nouvelles\/\",\"url\":\"https:\/\/insigna.es\/fr\/les-dernieres-nouvelles\/\",\"name\":\"Les derni\u00e8res nouvelles - Insigna\",\"isPartOf\":{\"@id\":\"https:\/\/insigna.es\/fr\/#website\"},\"datePublished\":\"2023-03-08T14:45:35+00:00\",\"dateModified\":\"2024-03-22T10:21:12+00:00\",\"description\":\"Recevez les derni\u00e8res nouvelles sur notre marque, nos produits et les collections \u00e0 venir.\",\"breadcrumb\":{\"@id\":\"https:\/\/insigna.es\/fr\/les-dernieres-nouvelles\/#breadcrumb\"},\"inLanguage\":\"fr-FR\",\"potentialAction\":[{\"@type\":\"ReadAction\",\"target\":[\"https:\/\/insigna.es\/fr\/les-dernieres-nouvelles\/\"]}]},{\"@type\":\"BreadcrumbList\",\"@id\":\"https:\/\/insigna.es\/fr\/les-dernieres-nouvelles\/#breadcrumb\",\"itemListElement\":[{\"@type\":\"ListItem\",\"position\":1,\"name\":\"Portada\",\"item\":\"https:\/\/insigna.es\/fr\/\"},{\"@type\":\"ListItem\",\"position\":2,\"name\":\"Les derni\u00e8res nouvelles\"}]},{\"@type\":\"WebSite\",\"@id\":\"https:\/\/insigna.es\/fr\/#website\",\"url\":\"https:\/\/insigna.es\/fr\/\",\"name\":\"Insigna\",\"description\":\"Uniformes de Polic\u00eda Local, Protecci\u00f3n Civil y Bomberos\",\"publisher\":{\"@id\":\"https:\/\/insigna.es\/fr\/#organization\"},\"potentialAction\":[{\"@type\":\"SearchAction\",\"target\":{\"@type\":\"EntryPoint\",\"urlTemplate\":\"https:\/\/insigna.es\/fr\/?s={search_term_string}\"},\"query-input\":{\"@type\":\"PropertyValueSpecification\",\"valueRequired\":true,\"valueName\":\"search_term_string\"}}],\"inLanguage\":\"fr-FR\"},{\"@type\":\"Organization\",\"@id\":\"https:\/\/insigna.es\/fr\/#organization\",\"name\":\"Insigna\",\"url\":\"https:\/\/insigna.es\/fr\/\",\"logo\":{\"@type\":\"ImageObject\",\"inLanguage\":\"fr-FR\",\"@id\":\"https:\/\/insigna.es\/fr\/#\/schema\/logo\/image\/\",\"url\":\"https:\/\/insigna.es\/wp-content\/uploads\/2022\/12\/LOGO-MENU-CON-BASELINE-3.svg\",\"contentUrl\":\"https:\/\/insigna.es\/wp-content\/uploads\/2022\/12\/LOGO-MENU-CON-BASELINE-3.svg\",\"width\":150,\"height\":34.097,\"caption\":\"Insigna\"},\"image\":{\"@id\":\"https:\/\/insigna.es\/fr\/#\/schema\/logo\/image\/\"}}]}<\/script>\n<!-- \/ Yoast SEO plugin. -->","yoast_head_json":{"title":"Les derni\u00e8res nouvelles - Insigna","description":"Recevez les derni\u00e8res nouvelles sur notre marque, nos produits et les collections \u00e0 venir.","robots":{"index":"index","follow":"follow","max-snippet":"max-snippet:-1","max-image-preview":"max-image-preview:large","max-video-preview":"max-video-preview:-1"},"og_locale":"fr_FR","og_type":"article","og_title":"Les derni\u00e8res nouvelles - Insigna","og_description":"Recevez les derni\u00e8res nouvelles sur notre marque, nos produits et les collections \u00e0 venir.","og_url":"https:\/\/insigna.es\/fr\/les-dernieres-nouvelles\/","og_site_name":"Insigna","article_modified_time":"2024-03-22T10:21:12+00:00","twitter_card":"summary_large_image","twitter_misc":{"Dur\u00e9e de lecture estim\u00e9e":"1 minute"},"schema":{"@context":"https:\/\/schema.org","@graph":[{"@type":"WebPage","@id":"https:\/\/insigna.es\/fr\/les-dernieres-nouvelles\/","url":"https:\/\/insigna.es\/fr\/les-dernieres-nouvelles\/","name":"Les derni\u00e8res nouvelles - Insigna","isPartOf":{"@id":"https:\/\/insigna.es\/fr\/#website"},"datePublished":"2023-03-08T14:45:35+00:00","dateModified":"2024-03-22T10:21:12+00:00","description":"Recevez les derni\u00e8res nouvelles sur notre marque, nos produits et les collections \u00e0 venir.","breadcrumb":{"@id":"https:\/\/insigna.es\/fr\/les-dernieres-nouvelles\/#breadcrumb"},"inLanguage":"fr-FR","potentialAction":[{"@type":"ReadAction","target":["https:\/\/insigna.es\/fr\/les-dernieres-nouvelles\/"]}]},{"@type":"BreadcrumbList","@id":"https:\/\/insigna.es\/fr\/les-dernieres-nouvelles\/#breadcrumb","itemListElement":[{"@type":"ListItem","position":1,"name":"Portada","item":"https:\/\/insigna.es\/fr\/"},{"@type":"ListItem","position":2,"name":"Les derni\u00e8res nouvelles"}]},{"@type":"WebSite","@id":"https:\/\/insigna.es\/fr\/#website","url":"https:\/\/insigna.es\/fr\/","name":"Insigna","description":"Uniformes de Polic\u00eda Local, Protecci\u00f3n Civil y Bomberos","publisher":{"@id":"https:\/\/insigna.es\/fr\/#organization"},"potentialAction":[{"@type":"SearchAction","target":{"@type":"EntryPoint","urlTemplate":"https:\/\/insigna.es\/fr\/?s={search_term_string}"},"query-input":{"@type":"PropertyValueSpecification","valueRequired":true,"valueName":"search_term_string"}}],"inLanguage":"fr-FR"},{"@type":"Organization","@id":"https:\/\/insigna.es\/fr\/#organization","name":"Insigna","url":"https:\/\/insigna.es\/fr\/","logo":{"@type":"ImageObject","inLanguage":"fr-FR","@id":"https:\/\/insigna.es\/fr\/#\/schema\/logo\/image\/","url":"https:\/\/insigna.es\/wp-content\/uploads\/2022\/12\/LOGO-MENU-CON-BASELINE-3.svg","contentUrl":"https:\/\/insigna.es\/wp-content\/uploads\/2022\/12\/LOGO-MENU-CON-BASELINE-3.svg","width":150,"height":34.097,"caption":"Insigna"},"image":{"@id":"https:\/\/insigna.es\/fr\/#\/schema\/logo\/image\/"}}]}},"_links":{"self":[{"href":"https:\/\/insigna.es\/fr\/wp-json\/wp\/v2\/pages\/20902","targetHints":{"allow":["GET"]}}],"collection":[{"href":"https:\/\/insigna.es\/fr\/wp-json\/wp\/v2\/pages"}],"about":[{"href":"https:\/\/insigna.es\/fr\/wp-json\/wp\/v2\/types\/page"}],"author":[{"embeddable":true,"href":"https:\/\/insigna.es\/fr\/wp-json\/wp\/v2\/users\/3"}],"replies":[{"embeddable":true,"href":"https:\/\/insigna.es\/fr\/wp-json\/wp\/v2\/comments?post=20902"}],"version-history":[{"count":1,"href":"https:\/\/insigna.es\/fr\/wp-json\/wp\/v2\/pages\/20902\/revisions"}],"predecessor-version":[{"id":33968,"href":"https:\/\/insigna.es\/fr\/wp-json\/wp\/v2\/pages\/20902\/revisions\/33968"}],"wp:attachment":[{"href":"https:\/\/insigna.es\/fr\/wp-json\/wp\/v2\/media?parent=20902"}],"curies":[{"name":"wp","href":"https:\/\/api.w.org\/{rel}","templated":true}]}}